{"id":1724,"date":"2021-01-25T17:12:33","date_gmt":"2021-01-25T20:12:33","guid":{"rendered":"https:\/\/biomacenter.com.br\/?page_id=1724"},"modified":"2021-02-05T23:03:36","modified_gmt":"2021-02-06T02:03:36","slug":"desengordurante-bio","status":"publish","type":"page","link":"https:\/\/biomacenter.com.br\/en\/desengordurante-bio\/","title":{"rendered":"<p>Degraser BIO<\/p>"},"content":{"rendered":"<div data-elementor-type=\"wp-page\" data-elementor-id=\"1724\" class=\"elementor elementor-1724\">\n\t\t\t\t\t\t<div class=\"elementor-inner\">\n\t\t\t\t<div class=\"elementor-section-wrap\">\n\t\t\t\t\t\t\t\t\t<section class=\"elementor-section elementor-top-section elementor-element elementor-element-bfec21f elementor-section-boxed elementor-section-height-default elementor-section-height-default\" data-id=\"bfec21f\" data-element_type=\"section\" data-settings='{\"background_background\":\"classic\"}'>\n\t\t\t\t\t\t<div class=\"elementor-container elementor-column-gap-default\">\n\t\t\t\t\t\t\t<div class=\"elementor-row\">\n\t\t\t\t\t<div class=\"elementor-column elementor-col-100 elementor-top-column elementor-element elementor-element-bd8f89b\" data-id=\"bd8f89b\" data-element_type=\"column\">\n\t\t\t<div class=\"elementor-column-wrap elementor-element-populated\">\n\t\t\t\t\t\t\t<div class=\"elementor-widget-wrap\">\n\t\t\t\t\t\t<section class=\"elementor-section elementor-inner-section elementor-element elementor-element-e11bb3c elementor-section-boxed elementor-section-height-default elementor-section-height-default\" data-id=\"e11bb3c\" data-element_type=\"section\">\n\t\t\t\t\t\t<div class=\"elementor-container elementor-column-gap-default\">\n\t\t\t\t\t\t\t<div class=\"elementor-row\">\n\t\t\t\t\t<div class=\"elementor-column elementor-col-66 elementor-inner-column elementor-element elementor-element-5035ae1\" data-id=\"5035ae1\" data-element_type=\"column\">\n\t\t\t<div class=\"elementor-column-wrap elementor-element-populated\">\n\t\t\t\t\t\t\t<div class=\"elementor-widget-wrap\">\n\t\t\t\t\t\t<div class=\"elementor-element elementor-element-2ef5073 elementor-widget elementor-widget-image\" data-id=\"2ef5073\" data-element_type=\"widget\" data-widget_type=\"image.default\">\n\t\t\t\t<div class=\"elementor-widget-container\">\n\t\t\t\t\t\t\t\t<div class=\"elementor-image\">\n\t\t\t\t\t\t\t\t\t\t\t\t<img width=\"1280\" height=\"910\" src=\"https:\/\/biomacenter.com.br\/wp-content\/uploads\/2021\/01\/Tableware.jpg\" class=\"attachment-1536x1536 size-1536x1536 wp-image-1726\" alt=\"\" loading=\"lazy\" srcset=\"https:\/\/biomacenter.com.br\/wp-content\/uploads\/2021\/01\/Tableware.jpg 1280w, https:\/\/biomacenter.com.br\/wp-content\/uploads\/2021\/01\/Tableware-300x213.jpg 300w, https:\/\/biomacenter.com.br\/wp-content\/uploads\/2021\/01\/Tableware-1024x728.jpg 1024w, https:\/\/biomacenter.com.br\/wp-content\/uploads\/2021\/01\/Tableware-768x546.jpg 768w\" sizes=\"(max-width: 1280px) 100vw, 1280px\">\t\t\t\t\t\t\t\t\t\t\t\t\t\t<\/div>\n\t\t\t\t\t\t<\/div>\n\t\t\t\t<\/div>\n\t\t\t\t\t\t<\/div>\n\t\t\t\t\t<\/div>\n\t\t<\/div>\n\t\t\t\t<div class=\"elementor-column elementor-col-33 elementor-inner-column elementor-element elementor-element-b4155d9\" data-id=\"b4155d9\" data-element_type=\"column\">\n\t\t\t<div class=\"elementor-column-wrap elementor-element-populated\">\n\t\t\t\t\t\t\t<div class=\"elementor-widget-wrap\">\n\t\t\t\t\t\t<div class=\"elementor-element elementor-element-8785883 elementor-invisible elementor-widget elementor-widget-image\" data-id=\"8785883\" data-element_type=\"widget\" data-settings='{\"_animation\":\"fadeInRight\",\"_animation_mobile\":\"fadeInRight\"}' data-widget_type=\"image.default\">\n\t\t\t\t<div class=\"elementor-widget-container\">\n\t\t\t\t\t\t\t\t<div class=\"elementor-image\">\n\t\t\t\t\t\t\t\t\t\t\t\t<img width=\"887\" height=\"1019\" src=\"https:\/\/biomacenter.com.br\/wp-content\/uploads\/2021\/01\/Desengordurante-Bio.png\" class=\"attachment-large size-large wp-image-1727\" alt=\"\" loading=\"lazy\" srcset=\"https:\/\/biomacenter.com.br\/wp-content\/uploads\/2021\/01\/Desengordurante-Bio.png 887w, https:\/\/biomacenter.com.br\/wp-content\/uploads\/2021\/01\/Desengordurante-Bio-261x300.png 261w, https:\/\/biomacenter.com.br\/wp-content\/uploads\/2021\/01\/Desengordurante-Bio-768x882.png 768w\" sizes=\"(max-width: 887px) 100vw, 887px\">\t\t\t\t\t\t\t\t\t\t\t\t\t\t<\/div>\n\t\t\t\t\t\t<\/div>\n\t\t\t\t<\/div>\n\t\t\t\t\t\t<\/div>\n\t\t\t\t\t<\/div>\n\t\t<\/div>\n\t\t\t\t\t\t\t\t<\/div>\n\t\t\t\t\t<\/div>\n\t\t<\/section>\n\t\t\t\t<div class=\"elementor-element elementor-element-450af8e elementor-hidden-tablet elementor-hidden-phone elementor-widget-divider--view-line elementor-invisible elementor-widget elementor-widget-divider\" data-id=\"450af8e\" data-element_type=\"widget\" data-settings='{\"_animation\":\"fadeInRight\"}' data-widget_type=\"divider.default\">\n\t\t\t\t<div class=\"elementor-widget-container\">\n\t\t\t\t\t<div class=\"elementor-divider\">\n\t\t\t<span class=\"elementor-divider-separator\">\n\t\t\t\t\t\t<\/span>\n\t\t<\/div>\n\t\t\t\t<\/div>\n\t\t\t\t<\/div>\n\t\t\t\t\t\t<\/div>\n\t\t\t\t\t<\/div>\n\t\t<\/div>\n\t\t\t\t\t\t\t\t<\/div>\n\t\t\t\t\t<\/div>\n\t\t<\/section>\n\t\t\t\t<section class=\"elementor-section elementor-top-section elementor-element elementor-element-b9a8b87 elementor-section-boxed elementor-section-height-default elementor-section-height-default\" data-id=\"b9a8b87\" data-element_type=\"section\" data-settings='{\"background_background\":\"classic\"}'>\n\t\t\t\t\t\t<div class=\"elementor-container elementor-column-gap-default\">\n\t\t\t\t\t\t\t<div class=\"elementor-row\">\n\t\t\t\t\t<div class=\"elementor-column elementor-col-100 elementor-top-column elementor-element elementor-element-5b24e92\" data-id=\"5b24e92\" data-element_type=\"column\">\n\t\t\t<div class=\"elementor-column-wrap elementor-element-populated\">\n\t\t\t\t\t\t\t<div class=\"elementor-widget-wrap\">\n\t\t\t\t\t\t<div class=\"elementor-element elementor-element-adff4a9 elementor-widget elementor-widget-text-editor\" data-id=\"adff4a9\" data-element_type=\"widget\" data-widget_type=\"text-editor.default\">\n\t\t\t\t<div class=\"elementor-widget-container\">\n\t\t\t\t\t\t\t\t<div class=\"elementor-text-editor elementor-clearfix\">\n\t\t\t\t<p style=\"text-align: left;\">THE MOST LOVED IN THE KITCHEN<\/p>\t\t\t\t\t<\/div>\n\t\t\t\t\t\t<\/div>\n\t\t\t\t<\/div>\n\t\t\t\t\t\t<\/div>\n\t\t\t\t\t<\/div>\n\t\t<\/div>\n\t\t\t\t\t\t\t\t<\/div>\n\t\t\t\t\t<\/div>\n\t\t<\/section>\n\t\t\t\t<section class=\"elementor-section elementor-top-section elementor-element elementor-element-d9c298b elementor-section-boxed elementor-section-height-default elementor-section-height-default\" data-id=\"d9c298b\" data-element_type=\"section\" data-settings='{\"background_background\":\"classic\"}'>\n\t\t\t\t\t\t<div class=\"elementor-container elementor-column-gap-default\">\n\t\t\t\t\t\t\t<div class=\"elementor-row\">\n\t\t\t\t\t<div class=\"elementor-column elementor-col-100 elementor-top-column elementor-element elementor-element-d50f5f0\" data-id=\"d50f5f0\" data-element_type=\"column\">\n\t\t\t<div class=\"elementor-column-wrap elementor-element-populated\">\n\t\t\t\t\t\t\t<div class=\"elementor-widget-wrap\">\n\t\t\t\t\t\t<div class=\"elementor-element elementor-element-7bf936e elementor-widget elementor-widget-text-editor\" data-id=\"7bf936e\" data-element_type=\"widget\" data-widget_type=\"text-editor.default\">\n\t\t\t\t<div class=\"elementor-widget-container\">\n\t\t\t\t\t\t\t\t<div class=\"elementor-text-editor elementor-clearfix\">\n\t\t\t\t<p>What's not to love in a product that helps with heavy duty cleaning in the kitchen and other surroundings?<br>Our BIO Degreaser 100% Natural uses natural surfactants that act on encrusted fat. Presented in two versions: Concentrate for professional use diluted 1:10 (100 mL \/ 1 litre of water) or ready to use for households in 500 mL bottles with spray.<\/p>\t\t\t\t\t<\/div>\n\t\t\t\t\t\t<\/div>\n\t\t\t\t<\/div>\n\t\t\t\t\t\t<\/div>\n\t\t\t\t\t<\/div>\n\t\t<\/div>\n\t\t\t\t\t\t\t\t<\/div>\n\t\t\t\t\t<\/div>\n\t\t<\/section>\n\t\t\t\t<section class=\"elementor-section elementor-top-section elementor-element elementor-element-5c13a10 elementor-section-boxed elementor-section-height-default elementor-section-height-default\" data-id=\"5c13a10\" data-element_type=\"section\" data-settings='{\"background_background\":\"classic\"}'>\n\t\t\t\t\t\t<div class=\"elementor-container elementor-column-gap-default\">\n\t\t\t\t\t\t\t<div class=\"elementor-row\">\n\t\t\t\t\t<div class=\"elementor-column elementor-col-50 elementor-top-column elementor-element elementor-element-188b5d1\" data-id=\"188b5d1\" data-element_type=\"column\">\n\t\t\t<div class=\"elementor-column-wrap elementor-element-populated\">\n\t\t\t\t\t\t\t<div class=\"elementor-widget-wrap\">\n\t\t\t\t\t\t<div class=\"elementor-element elementor-element-295de19 elementor-widget elementor-widget-heading\" data-id=\"295de19\" data-element_type=\"widget\" data-widget_type=\"heading.default\">\n\t\t\t\t<div class=\"elementor-widget-container\">\n\t\t\t<h2 class=\"elementor-heading-title elementor-size-default\">HOW TO USE:<\/h2>\t\t<\/div>\n\t\t\t\t<\/div>\n\t\t\t\t\t\t<\/div>\n\t\t\t\t\t<\/div>\n\t\t<\/div>\n\t\t\t\t<div class=\"elementor-column elementor-col-50 elementor-top-column elementor-element elementor-element-f8feff7\" data-id=\"f8feff7\" data-element_type=\"column\">\n\t\t\t<div class=\"elementor-column-wrap elementor-element-populated\">\n\t\t\t\t\t\t\t<div class=\"elementor-widget-wrap\">\n\t\t\t\t\t\t<div class=\"elementor-element elementor-element-91b5d48 elementor-widget elementor-widget-text-editor\" data-id=\"91b5d48\" data-element_type=\"widget\" data-widget_type=\"text-editor.default\">\n\t\t\t\t<div class=\"elementor-widget-container\">\n\t\t\t\t\t\t\t\t<div class=\"elementor-text-editor elementor-clearfix\">\n\t\t\t\t<p><b>Follow instructions correctly to obtain the best performance from the product<\/b><\/p>\t\t\t\t\t<\/div>\n\t\t\t\t\t\t<\/div>\n\t\t\t\t<\/div>\n\t\t\t\t\t\t<\/div>\n\t\t\t\t\t<\/div>\n\t\t<\/div>\n\t\t\t\t\t\t\t\t<\/div>\n\t\t\t\t\t<\/div>\n\t\t<\/section>\n\t\t\t\t<section class=\"elementor-section elementor-top-section elementor-element elementor-element-5884b17 elementor-section-boxed elementor-section-height-default elementor-section-height-default\" data-id=\"5884b17\" data-element_type=\"section\">\n\t\t\t\t\t\t<div class=\"elementor-container elementor-column-gap-default\">\n\t\t\t\t\t\t\t<div class=\"elementor-row\">\n\t\t\t\t\t<div class=\"elementor-column elementor-col-100 elementor-top-column elementor-element elementor-element-5d5c6e4\" data-id=\"5d5c6e4\" data-element_type=\"column\">\n\t\t\t<div class=\"elementor-column-wrap elementor-element-populated\">\n\t\t\t\t\t\t\t<div class=\"elementor-widget-wrap\">\n\t\t\t\t\t\t<div class=\"elementor-element elementor-element-5c0436b elementor-widget elementor-widget-text-editor\" data-id=\"5c0436b\" data-element_type=\"widget\" data-widget_type=\"text-editor.default\">\n\t\t\t\t<div class=\"elementor-widget-container\">\n\t\t\t\t\t\t\t\t<div class=\"elementor-text-editor elementor-clearfix\">\n\t\t\t\t<p>A natural grease eliminator helping in the most critical cleaning phase and simple to use just following these practical tips:<\/p><p>1. Apply only on cold surfaces. For what reason? When used in hot surfaces, the Degreaser loses efficiency, since its exclusive formula mas made for dry and cold surfaces.<\/p><p>2. Best of all! No need to rinse - savings in the daily operation and the use of water.<\/p><p>3. For platters, dishes, pots, pans with excess grease residue apply directly and soak with water for up to 10 minutes. Then rinse and clean normally.<\/p><p>4. Professional oven cleaning (Practice or Rational brands) - not necessary to use the auto-cleaning function with water. Spray the product in the cold oven and use a vegetable loofah.<\/p><p>5. When cleaning residential ovens and\/or microwave ovens apply the product when cold using a vegetable loofah.<\/p><p>6. BIO Degreaser doesn't strip surfaces.<\/p><p>7. For grills, barbecue grills or pits with carbonised and encrusted dirt use another product from our roster: NEOPAN OXY<\/p>\t\t\t\t\t<\/div>\n\t\t\t\t\t\t<\/div>\n\t\t\t\t<\/div>\n\t\t\t\t\t\t<\/div>\n\t\t\t\t\t<\/div>\n\t\t<\/div>\n\t\t\t\t\t\t\t\t<\/div>\n\t\t\t\t\t<\/div>\n\t\t<\/section>\n\t\t\t\t\t\t\t\t\t<\/div>\n\t\t\t<\/div>\n\t\t\t\t\t<\/div>","protected":false},"excerpt":{"rendered":"<p>O MAIS AMADO DA COZINHA Como n&atilde;o amar um produto que auxilia tanto na limpeza pesada da cozinha e outros ambientes?!Nosso Desengordurante BIO 100% natural possui tensoativos &ndash; realmente &ndash; naturais que atuam at&eacute; em gorduras incrustadas. Tanto na vers&atilde;o concentrada de uso profissional para dilui&ccedil;&atilde;o econ&ocirc;mica 1:10 (100 mL\/litro de &aacute;gua), ou, na vers&atilde;o [&hellip;]<\/p>","protected":false},"author":1,"featured_media":0,"parent":0,"menu_order":0,"comment_status":"closed","ping_status":"closed","template":"elementor_header_footer","meta":{"ocean_post_layout":"","ocean_both_sidebars_style":"","ocean_both_sidebars_content_width":0,"ocean_both_sidebars_sidebars_width":0,"ocean_sidebar":"0","ocean_second_sidebar":"0","ocean_disable_margins":"enable","ocean_add_body_class":"","ocean_shortcode_before_top_bar":"","ocean_shortcode_after_top_bar":"","ocean_shortcode_before_header":"","ocean_shortcode_after_header":"","ocean_has_shortcode":"","ocean_shortcode_after_title":"","ocean_shortcode_before_footer_widgets":"","ocean_shortcode_after_footer_widgets":"","ocean_shortcode_before_footer_bottom":"","ocean_shortcode_after_footer_bottom":"","ocean_display_top_bar":"default","ocean_display_header":"default","ocean_header_style":"","ocean_center_header_left_menu":"0","ocean_custom_header_template":"0","ocean_custom_logo":0,"ocean_custom_retina_logo":0,"ocean_custom_logo_max_width":0,"ocean_custom_logo_tablet_max_width":0,"ocean_custom_logo_mobile_max_width":0,"ocean_custom_logo_max_height":0,"ocean_custom_logo_tablet_max_height":0,"ocean_custom_logo_mobile_max_height":0,"ocean_header_custom_menu":"0","ocean_menu_typo_font_family":"0","ocean_menu_typo_font_subset":"","ocean_menu_typo_font_size":0,"ocean_menu_typo_font_size_tablet":0,"ocean_menu_typo_font_size_mobile":0,"ocean_menu_typo_font_size_unit":"px","ocean_menu_typo_font_weight":"","ocean_menu_typo_font_weight_tablet":"","ocean_menu_typo_font_weight_mobile":"","ocean_menu_typo_transform":"","ocean_menu_typo_transform_tablet":"","ocean_menu_typo_transform_mobile":"","ocean_menu_typo_line_height":0,"ocean_menu_typo_line_height_tablet":0,"ocean_menu_typo_line_height_mobile":0,"ocean_menu_typo_line_height_unit":"","ocean_menu_typo_spacing":0,"ocean_menu_typo_spacing_tablet":0,"ocean_menu_typo_spacing_mobile":0,"ocean_menu_typo_spacing_unit":"","ocean_menu_link_color":"","ocean_menu_link_color_hover":"","ocean_menu_link_color_active":"","ocean_menu_link_background":"","ocean_menu_link_hover_background":"","ocean_menu_link_active_background":"","ocean_menu_social_links_bg":"","ocean_menu_social_hover_links_bg":"","ocean_menu_social_links_color":"","ocean_menu_social_hover_links_color":"","ocean_disable_title":"default","ocean_disable_heading":"default","ocean_post_title":"","ocean_post_subheading":"","ocean_post_title_style":"","ocean_post_title_background_color":"","ocean_post_title_background":0,"ocean_post_title_bg_image_position":"","ocean_post_title_bg_image_attachment":"","ocean_post_title_bg_image_repeat":"","ocean_post_title_bg_image_size":"","ocean_post_title_height":0,"ocean_post_title_bg_overlay":0.5,"ocean_post_title_bg_overlay_color":"","ocean_disable_breadcrumbs":"default","ocean_breadcrumbs_color":"","ocean_breadcrumbs_separator_color":"","ocean_breadcrumbs_links_color":"","ocean_breadcrumbs_links_hover_color":"","ocean_display_footer_widgets":"default","ocean_display_footer_bottom":"default","ocean_custom_footer_template":"0"},"yoast_head":"<!-- This site is optimized with the Yoast SEO plugin v17.5 - https:\/\/yoast.com\/wordpress\/plugins\/seo\/ -->\n<title>Desengordurante BIO | BIOMA NATURAL TECNOLOGIA VERDE<\/title>\n<meta name=\"robots\" content=\"index, follow, max-snippet:-1, max-image-preview:large, max-video-preview:-1\" \/>\n<link rel=\"canonical\" href=\"https:\/\/biomacenter.com.br\/en\/desengordurante-bio\/\" \/>\n<meta property=\"og:locale\" content=\"en_GB\" \/>\n<meta property=\"og:type\" content=\"article\" \/>\n<meta property=\"og:title\" content=\"Desengordurante BIO | BIOMA NATURAL TECNOLOGIA VERDE\" \/>\n<meta property=\"og:description\" content=\"O MAIS AMADO DA COZINHA Como n\u00e3o amar um produto que auxilia tanto na limpeza pesada da cozinha e outros ambientes?!Nosso Desengordurante BIO 100% natural possui tensoativos &#8211; realmente &#8211; naturais que atuam at\u00e9 em gorduras incrustadas. Tanto na vers\u00e3o concentrada de uso profissional para dilui\u00e7\u00e3o econ\u00f4mica 1:10 (100 mL\/litro de \u00e1gua), ou, na vers\u00e3o [&hellip;]\" \/>\n<meta property=\"og:url\" content=\"https:\/\/biomacenter.com.br\/en\/desengordurante-bio\/\" \/>\n<meta property=\"og:site_name\" content=\"BIOMA NATURAL TECNOLOGIA VERDE\" \/>\n<meta property=\"article:publisher\" content=\"https:\/\/www.facebook.com\/BIOMACENTER\/\" \/>\n<meta property=\"article:modified_time\" content=\"2021-02-06T02:03:36+00:00\" \/>\n<meta property=\"og:image\" content=\"http:\/\/biomacenter.com.br\/wp-content\/uploads\/2021\/01\/Tableware.jpg\" \/>\n<meta name=\"twitter:card\" content=\"summary_large_image\" \/>\n<meta name=\"twitter:label1\" content=\"Estimated reading time\" \/>\n\t<meta name=\"twitter:data1\" content=\"1 minute\" \/>\n<script type=\"application\/ld+json\" class=\"yoast-schema-graph\">{\"@context\":\"https:\/\/schema.org\",\"@graph\":[{\"@type\":\"Organization\",\"@id\":\"https:\/\/biomacenter.com.br\/pt_br\/#organization\",\"name\":\"Biomacenter - Bioma Natural Tecnologia Verde Ltda\",\"url\":\"https:\/\/biomacenter.com.br\/pt_br\/\",\"sameAs\":[\"https:\/\/www.facebook.com\/BIOMACENTER\/\",\"https:\/\/www.instagram.com\/biomacenter\",\"https:\/\/www.linkedin\/in\/bioma\"],\"logo\":{\"@type\":\"ImageObject\",\"@id\":\"https:\/\/biomacenter.com.br\/pt_br\/#logo\",\"inLanguage\":\"en-GB\",\"url\":\"https:\/\/biomacenter.com.br\/wp-content\/uploads\/2020\/12\/bioma-retina-desk.png\",\"contentUrl\":\"https:\/\/biomacenter.com.br\/wp-content\/uploads\/2020\/12\/bioma-retina-desk.png\",\"width\":788,\"height\":317,\"caption\":\"Biomacenter - Bioma Natural Tecnologia Verde Ltda\"},\"image\":{\"@id\":\"https:\/\/biomacenter.com.br\/pt_br\/#logo\"}},{\"@type\":\"WebSite\",\"@id\":\"https:\/\/biomacenter.com.br\/pt_br\/#website\",\"url\":\"https:\/\/biomacenter.com.br\/pt_br\/\",\"name\":\"BIOMA NATURAL TECNOLOGIA VERDE\",\"description\":\"Limpeza 100% natural\",\"publisher\":{\"@id\":\"https:\/\/biomacenter.com.br\/pt_br\/#organization\"},\"potentialAction\":[{\"@type\":\"SearchAction\",\"target\":{\"@type\":\"EntryPoint\",\"urlTemplate\":\"https:\/\/biomacenter.com.br\/pt_br\/?s={search_term_string}\"},\"query-input\":\"required name=search_term_string\"}],\"inLanguage\":\"en-GB\"},{\"@type\":\"ImageObject\",\"@id\":\"https:\/\/biomacenter.com.br\/pt_br\/desengordurante-bio\/#primaryimage\",\"inLanguage\":\"en-GB\",\"url\":\"http:\/\/biomacenter.com.br\/wp-content\/uploads\/2021\/01\/Tableware.jpg\",\"contentUrl\":\"http:\/\/biomacenter.com.br\/wp-content\/uploads\/2021\/01\/Tableware.jpg\"},{\"@type\":\"WebPage\",\"@id\":\"https:\/\/biomacenter.com.br\/pt_br\/desengordurante-bio\/#webpage\",\"url\":\"https:\/\/biomacenter.com.br\/pt_br\/desengordurante-bio\/\",\"name\":\"Desengordurante BIO | BIOMA NATURAL TECNOLOGIA VERDE\",\"isPartOf\":{\"@id\":\"https:\/\/biomacenter.com.br\/pt_br\/#website\"},\"primaryImageOfPage\":{\"@id\":\"https:\/\/biomacenter.com.br\/pt_br\/desengordurante-bio\/#primaryimage\"},\"datePublished\":\"2021-01-25T20:12:33+00:00\",\"dateModified\":\"2021-02-06T02:03:36+00:00\",\"breadcrumb\":{\"@id\":\"https:\/\/biomacenter.com.br\/pt_br\/desengordurante-bio\/#breadcrumb\"},\"inLanguage\":\"en-GB\",\"potentialAction\":[{\"@type\":\"ReadAction\",\"target\":[\"https:\/\/biomacenter.com.br\/pt_br\/desengordurante-bio\/\"]}]},{\"@type\":\"BreadcrumbList\",\"@id\":\"https:\/\/biomacenter.com.br\/pt_br\/desengordurante-bio\/#breadcrumb\",\"itemListElement\":[{\"@type\":\"ListItem\",\"position\":1,\"name\":\"In\\u00edcio\",\"item\":\"https:\/\/biomacenter.com.br\/\"},{\"@type\":\"ListItem\",\"position\":2,\"name\":\"Desengordurante BIO\"}]}]}<\/script>\n<!-- \/ Yoast SEO plugin. -->","yoast_head_json":{"title":"Desengordurante BIO | BIOMA NATURAL TECNOLOGIA VERDE","robots":{"index":"index","follow":"follow","max-snippet":"max-snippet:-1","max-image-preview":"max-image-preview:large","max-video-preview":"max-video-preview:-1"},"canonical":"https:\/\/biomacenter.com.br\/en\/desengordurante-bio\/","og_locale":"en_GB","og_type":"article","og_title":"Desengordurante BIO | BIOMA NATURAL TECNOLOGIA VERDE","og_description":"O MAIS AMADO DA COZINHA Como n\u00e3o amar um produto que auxilia tanto na limpeza pesada da cozinha e outros ambientes?!Nosso Desengordurante BIO 100% natural possui tensoativos &#8211; realmente &#8211; naturais que atuam at\u00e9 em gorduras incrustadas. Tanto na vers\u00e3o concentrada de uso profissional para dilui\u00e7\u00e3o econ\u00f4mica 1:10 (100 mL\/litro de \u00e1gua), ou, na vers\u00e3o [&hellip;]","og_url":"https:\/\/biomacenter.com.br\/en\/desengordurante-bio\/","og_site_name":"BIOMA NATURAL TECNOLOGIA VERDE","article_publisher":"https:\/\/www.facebook.com\/BIOMACENTER\/","article_modified_time":"2021-02-06T02:03:36+00:00","og_image":[{"url":"http:\/\/biomacenter.com.br\/wp-content\/uploads\/2021\/01\/Tableware.jpg"}],"twitter_card":"summary_large_image","twitter_misc":{"Estimated reading time":"1 minute"},"schema":{"@context":"https:\/\/schema.org","@graph":[{"@type":"Organization","@id":"https:\/\/biomacenter.com.br\/pt_br\/#organization","name":"Biomacenter - Bioma Natural Tecnologia Verde Ltda","url":"https:\/\/biomacenter.com.br\/pt_br\/","sameAs":["https:\/\/www.facebook.com\/BIOMACENTER\/","https:\/\/www.instagram.com\/biomacenter","https:\/\/www.linkedin\/in\/bioma"],"logo":{"@type":"ImageObject","@id":"https:\/\/biomacenter.com.br\/pt_br\/#logo","inLanguage":"en-GB","url":"https:\/\/biomacenter.com.br\/wp-content\/uploads\/2020\/12\/bioma-retina-desk.png","contentUrl":"https:\/\/biomacenter.com.br\/wp-content\/uploads\/2020\/12\/bioma-retina-desk.png","width":788,"height":317,"caption":"Biomacenter - Bioma Natural Tecnologia Verde Ltda"},"image":{"@id":"https:\/\/biomacenter.com.br\/pt_br\/#logo"}},{"@type":"WebSite","@id":"https:\/\/biomacenter.com.br\/pt_br\/#website","url":"https:\/\/biomacenter.com.br\/pt_br\/","name":"BIOMA NATURAL TECNOLOGIA VERDE","description":"Limpeza 100% natural","publisher":{"@id":"https:\/\/biomacenter.com.br\/pt_br\/#organization"},"potentialAction":[{"@type":"SearchAction","target":{"@type":"EntryPoint","urlTemplate":"https:\/\/biomacenter.com.br\/pt_br\/?s={search_term_string}"},"query-input":"required name=search_term_string"}],"inLanguage":"en-GB"},{"@type":"ImageObject","@id":"https:\/\/biomacenter.com.br\/pt_br\/desengordurante-bio\/#primaryimage","inLanguage":"en-GB","url":"http:\/\/biomacenter.com.br\/wp-content\/uploads\/2021\/01\/Tableware.jpg","contentUrl":"http:\/\/biomacenter.com.br\/wp-content\/uploads\/2021\/01\/Tableware.jpg"},{"@type":"WebPage","@id":"https:\/\/biomacenter.com.br\/pt_br\/desengordurante-bio\/#webpage","url":"https:\/\/biomacenter.com.br\/pt_br\/desengordurante-bio\/","name":"Desengordurante BIO | BIOMA NATURAL TECNOLOGIA VERDE","isPartOf":{"@id":"https:\/\/biomacenter.com.br\/pt_br\/#website"},"primaryImageOfPage":{"@id":"https:\/\/biomacenter.com.br\/pt_br\/desengordurante-bio\/#primaryimage"},"datePublished":"2021-01-25T20:12:33+00:00","dateModified":"2021-02-06T02:03:36+00:00","breadcrumb":{"@id":"https:\/\/biomacenter.com.br\/pt_br\/desengordurante-bio\/#breadcrumb"},"inLanguage":"en-GB","potentialAction":[{"@type":"ReadAction","target":["https:\/\/biomacenter.com.br\/pt_br\/desengordurante-bio\/"]}]},{"@type":"BreadcrumbList","@id":"https:\/\/biomacenter.com.br\/pt_br\/desengordurante-bio\/#breadcrumb","itemListElement":[{"@type":"ListItem","position":1,"name":"In\u00edcio","item":"https:\/\/biomacenter.com.br\/"},{"@type":"ListItem","position":2,"name":"Desengordurante BIO"}]}]}},"_links":{"self":[{"href":"https:\/\/biomacenter.com.br\/en\/wp-json\/wp\/v2\/pages\/1724"}],"collection":[{"href":"https:\/\/biomacenter.com.br\/en\/wp-json\/wp\/v2\/pages"}],"about":[{"href":"https:\/\/biomacenter.com.br\/en\/wp-json\/wp\/v2\/types\/page"}],"author":[{"embeddable":true,"href":"https:\/\/biomacenter.com.br\/en\/wp-json\/wp\/v2\/users\/1"}],"replies":[{"embeddable":true,"href":"https:\/\/biomacenter.com.br\/en\/wp-json\/wp\/v2\/comments?post=1724"}],"version-history":[{"count":20,"href":"https:\/\/biomacenter.com.br\/en\/wp-json\/wp\/v2\/pages\/1724\/revisions"}],"predecessor-version":[{"id":1899,"href":"https:\/\/biomacenter.com.br\/en\/wp-json\/wp\/v2\/pages\/1724\/revisions\/1899"}],"wp:attachment":[{"href":"https:\/\/biomacenter.com.br\/en\/wp-json\/wp\/v2\/media?parent=1724"}],"curies":[{"name":"wp","href":"https:\/\/api.w.org\/{rel}","templated":true}]}}