{"id":465,"date":"2016-09-27T14:57:56","date_gmt":"2016-09-27T17:57:56","guid":{"rendered":"http:\/\/fitness2.mythemecloud.io\/?page_id=465"},"modified":"2021-11-18T18:16:46","modified_gmt":"2021-11-18T21:16:46","slug":"ar-limpo","status":"publish","type":"page","link":"https:\/\/biomacenter.com.br\/en\/ar-limpo\/","title":{"rendered":"<p>Clean Air<\/p>"},"content":{"rendered":"<div data-elementor-type=\"wp-page\" data-elementor-id=\"465\" class=\"elementor elementor-465\">\n\t\t\t\t\t\t<div class=\"elementor-inner\">\n\t\t\t\t<div class=\"elementor-section-wrap\">\n\t\t\t\t\t\t\t\t\t<section class=\"elementor-section elementor-top-section elementor-element elementor-element-5916d32 elementor-section-full_width elementor-section-stretched elementor-section-height-default elementor-section-height-default elementor-invisible\" data-id=\"5916d32\" data-element_type=\"section\" data-settings='{\"stretch_section\":\"section-stretched\",\"animation\":\"fadeIn\"}'>\n\t\t\t\t\t\t<div class=\"elementor-container elementor-column-gap-no\">\n\t\t\t\t\t\t\t<div class=\"elementor-row\">\n\t\t\t\t\t<div class=\"elementor-column elementor-col-100 elementor-top-column elementor-element elementor-element-caf37b3\" data-id=\"caf37b3\" data-element_type=\"column\">\n\t\t\t<div class=\"elementor-column-wrap elementor-element-populated\">\n\t\t\t\t\t\t\t<div class=\"elementor-widget-wrap\">\n\t\t\t\t\t\t<div class=\"elementor-element elementor-element-79f11e3 elementor-absolute elementor-hidden-tablet elementor-hidden-phone elementor-invisible elementor-widget elementor-widget-image\" data-id=\"79f11e3\" data-element_type=\"widget\" data-settings='{\"_animation\":\"fadeIn\",\"_position\":\"absolute\"}' data-widget_type=\"image.default\">\n\t\t\t\t<div class=\"elementor-widget-container\">\n\t\t\t\t\t\t\t\t<div class=\"elementor-image\">\n\t\t\t\t\t\t\t\t\t\t\t\t<img width=\"753\" height=\"93\" src=\"Your\" class=\"attachment-large size-large wp-image-1989\" alt=\"\" loading=\"lazy\" srcset=\"\" sizes=\"(max-width: 753px) 100vw, 753px\" data-srcset=\"\">\t\t\t\t\t\t\t\t\t\t\t\t\t\t<\/div>\n\t\t\t\t\t\t<\/div>\n\t\t\t\t<\/div>\n\t\t\t\t<div class=\"elementor-element elementor-element-04728d4 elementor-absolute elementor-hidden-tablet elementor-hidden-phone elementor-invisible elementor-widget elementor-widget-text-editor\" data-id=\"04728d4\" data-element_type=\"widget\" data-settings='{\"_animation\":\"fadeInDown\",\"_position\":\"absolute\"}' data-widget_type=\"text-editor.default\">\n\t\t\t\t<div class=\"elementor-widget-container\">\n\t\t\t\t\t\t\t\t<div class=\"elementor-text-editor elementor-clearfix\">\n\t\t\t\t<p><strong>Soon you will get to know our aerial decontamination systems<\/strong><\/p>\t\t\t\t\t<\/div>\n\t\t\t\t\t\t<\/div>\n\t\t\t\t<\/div>\n\t\t\t\t<div class=\"elementor-element elementor-element-fbb14c5 elementor-hidden-desktop elementor-widget elementor-widget-image\" data-id=\"fbb14c5\" data-element_type=\"widget\" data-widget_type=\"image.default\">\n\t\t\t\t<div class=\"elementor-widget-container\">\n\t\t\t\t\t\t\t\t<div class=\"elementor-image\">\n\t\t\t\t\t\t\t\t\t\t\t\t<img width=\"753\" height=\"93\" src=\"Your\" class=\"attachment-large size-large wp-image-1989\" alt=\"\" loading=\"lazy\" srcset=\"\" sizes=\"(max-width: 753px) 100vw, 753px\" data-srcset=\"\">\t\t\t\t\t\t\t\t\t\t\t\t\t\t<\/div>\n\t\t\t\t\t\t<\/div>\n\t\t\t\t<\/div>\n\t\t\t\t<div class=\"elementor-element elementor-element-acf4113 elementor-hidden-desktop elementor-widget elementor-widget-text-editor\" data-id=\"acf4113\" data-element_type=\"widget\" data-settings='{\"_animation_tablet\":\"fadeInDown\",\"_animation_mobile\":\"fadeInDown\"}' data-widget_type=\"text-editor.default\">\n\t\t\t\t<div class=\"elementor-widget-container\">\n\t\t\t\t\t\t\t\t<div class=\"elementor-text-editor elementor-clearfix\">\n\t\t\t\t<p><strong>Soon you will get to know our aerial decontamination systems<\/strong><\/p>\t\t\t\t\t<\/div>\n\t\t\t\t\t\t<\/div>\n\t\t\t\t<\/div>\n\t\t\t\t\t\t<\/div>\n\t\t\t\t\t<\/div>\n\t\t<\/div>\n\t\t\t\t\t\t\t\t<\/div>\n\t\t\t\t\t<\/div>\n\t\t<\/section>\n\t\t\t\t<section class=\"elementor-section elementor-top-section elementor-element elementor-element-2005341 elementor-section-full_width elementor-section-height-full elementor-section-stretched elementor-hidden-tablet elementor-hidden-phone elementor-section-height-default elementor-section-items-middle\" data-id=\"2005341\" data-element_type=\"section\" data-settings='{\"stretch_section\":\"section-stretched\",\"background_background\":\"classic\"}'>\n\t\t\t\t\t\t<div class=\"elementor-container elementor-column-gap-default\">\n\t\t\t\t\t\t\t<div class=\"elementor-row\">\n\t\t\t\t\t<div class=\"elementor-column elementor-col-100 elementor-top-column elementor-element elementor-element-2e34807\" data-id=\"2e34807\" data-element_type=\"column\">\n\t\t\t<div class=\"elementor-column-wrap\">\n\t\t\t\t\t\t\t<div class=\"elementor-widget-wrap\">\n\t\t\t\t\t\t\t\t<\/div>\n\t\t\t\t\t<\/div>\n\t\t<\/div>\n\t\t\t\t\t\t\t\t<\/div>\n\t\t\t\t\t<\/div>\n\t\t<\/section>\n\t\t\t\t\t\t\t\t\t<\/div>\n\t\t\t<\/div>\n\t\t\t\t\t<\/div>","protected":false},"excerpt":{"rendered":"<p>Em breve voc&ecirc; vai conhecer nossos sistemas de descontamina&ccedil;&atilde;o a&eacute;rea Em breve voc&ecirc; vai conhecer nossos sistemas de descontamina&ccedil;&atilde;o a&eacute;rea<\/p>","protected":false},"author":1,"featured_media":0,"parent":0,"menu_order":0,"comment_status":"closed","ping_status":"closed","template":"","meta":{"ocean_post_layout":"full-width","ocean_both_sidebars_style":"","ocean_both_sidebars_content_width":0,"ocean_both_sidebars_sidebars_width":0,"ocean_sidebar":"0","ocean_second_sidebar":"0","ocean_disable_margins":"enable","ocean_add_body_class":"","ocean_shortcode_before_top_bar":"","ocean_shortcode_after_top_bar":"","ocean_shortcode_before_header":"","ocean_shortcode_after_header":"","ocean_has_shortcode":"","ocean_shortcode_after_title":"","ocean_shortcode_before_footer_widgets":"","ocean_shortcode_after_footer_widgets":"","ocean_shortcode_before_footer_bottom":"","ocean_shortcode_after_footer_bottom":"","ocean_display_top_bar":"default","ocean_display_header":"default","ocean_header_style":"","ocean_center_header_left_menu":"0","ocean_custom_header_template":"0","ocean_custom_logo":0,"ocean_custom_retina_logo":0,"ocean_custom_logo_max_width":0,"ocean_custom_logo_tablet_max_width":0,"ocean_custom_logo_mobile_max_width":0,"ocean_custom_logo_max_height":0,"ocean_custom_logo_tablet_max_height":0,"ocean_custom_logo_mobile_max_height":0,"ocean_header_custom_menu":"0","ocean_menu_typo_font_family":"0","ocean_menu_typo_font_subset":"","ocean_menu_typo_font_size":0,"ocean_menu_typo_font_size_tablet":0,"ocean_menu_typo_font_size_mobile":0,"ocean_menu_typo_font_size_unit":"px","ocean_menu_typo_font_weight":"","ocean_menu_typo_font_weight_tablet":"","ocean_menu_typo_font_weight_mobile":"","ocean_menu_typo_transform":"","ocean_menu_typo_transform_tablet":"","ocean_menu_typo_transform_mobile":"","ocean_menu_typo_line_height":0,"ocean_menu_typo_line_height_tablet":0,"ocean_menu_typo_line_height_mobile":0,"ocean_menu_typo_line_height_unit":"","ocean_menu_typo_spacing":0,"ocean_menu_typo_spacing_tablet":0,"ocean_menu_typo_spacing_mobile":0,"ocean_menu_typo_spacing_unit":"","ocean_menu_link_color":"","ocean_menu_link_color_hover":"","ocean_menu_link_color_active":"","ocean_menu_link_background":"","ocean_menu_link_hover_background":"","ocean_menu_link_active_background":"","ocean_menu_social_links_bg":"","ocean_menu_social_hover_links_bg":"","ocean_menu_social_links_color":"","ocean_menu_social_hover_links_color":"","ocean_disable_title":"on","ocean_disable_heading":"default","ocean_post_title":"","ocean_post_subheading":"","ocean_post_title_style":"","ocean_post_title_background_color":"","ocean_post_title_background":0,"ocean_post_title_bg_image_position":"","ocean_post_title_bg_image_attachment":"","ocean_post_title_bg_image_repeat":"","ocean_post_title_bg_image_size":"","ocean_post_title_height":0,"ocean_post_title_bg_overlay":0.5,"ocean_post_title_bg_overlay_color":"","ocean_disable_breadcrumbs":"default","ocean_breadcrumbs_color":"","ocean_breadcrumbs_separator_color":"","ocean_breadcrumbs_links_color":"","ocean_breadcrumbs_links_hover_color":"","ocean_display_footer_widgets":"default","ocean_display_footer_bottom":"default","ocean_custom_footer_template":"0"},"yoast_head":"<!-- This site is optimized with the Yoast SEO plugin v17.5 - https:\/\/yoast.com\/wordpress\/plugins\/seo\/ -->\n<title>Ar Limpo | BIOMA NATURAL TECNOLOGIA VERDE<\/title>\n<meta name=\"description\" content=\"Sistemas de desinfec\u00e7\u00e3o a\u00e9rea direta ou induzida em dutos de ar condicionado para controle microbiol\u00f3gico em ambientes de alto tr\u00e1fego. Uso aliado com nosso produto Desinfetante Natural. Resultados certificados pelo Instituto Adolpho Lutz \/SP e Nature Springer Research.\" \/>\n<meta name=\"robots\" content=\"index, follow, max-snippet:-1, max-image-preview:large, max-video-preview:-1\" \/>\n<link rel=\"canonical\" href=\"https:\/\/biomacenter.com.br\/en\/ar-limpo\/\" \/>\n<meta property=\"og:locale\" content=\"en_GB\" \/>\n<meta property=\"og:type\" content=\"article\" \/>\n<meta property=\"og:title\" content=\"Ar Limpo | BIOMA NATURAL TECNOLOGIA VERDE\" \/>\n<meta property=\"og:description\" content=\"Sistemas de desinfec\u00e7\u00e3o a\u00e9rea direta ou induzida em dutos de ar condicionado para controle microbiol\u00f3gico em ambientes de alto tr\u00e1fego. Uso aliado com nosso produto Desinfetante Natural. Resultados certificados pelo Instituto Adolpho Lutz \/SP e Nature Springer Research.\" \/>\n<meta property=\"og:url\" content=\"https:\/\/biomacenter.com.br\/en\/ar-limpo\/\" \/>\n<meta property=\"og:site_name\" content=\"BIOMA NATURAL TECNOLOGIA VERDE\" \/>\n<meta property=\"article:publisher\" content=\"https:\/\/www.facebook.com\/BIOMACENTER\/\" \/>\n<meta property=\"article:modified_time\" content=\"2021-11-18T21:16:46+00:00\" \/>\n<meta property=\"og:image\" content=\"http:\/\/biomacenter.com.br\/wp-content\/uploads\/2021\/02\/Ativo-Ar-2.png\" \/>\n<meta name=\"twitter:card\" content=\"summary_large_image\" \/>\n<meta name=\"twitter:label1\" content=\"Estimated reading time\" \/>\n\t<meta name=\"twitter:data1\" content=\"1 minute\" \/>\n<script type=\"application\/ld+json\" class=\"yoast-schema-graph\">{\"@context\":\"https:\/\/schema.org\",\"@graph\":[{\"@type\":\"Organization\",\"@id\":\"https:\/\/biomacenter.com.br\/pt_br\/#organization\",\"name\":\"Biomacenter - Bioma Natural Tecnologia Verde Ltda\",\"url\":\"https:\/\/biomacenter.com.br\/pt_br\/\",\"sameAs\":[\"https:\/\/www.facebook.com\/BIOMACENTER\/\",\"https:\/\/www.instagram.com\/biomacenter\",\"https:\/\/www.linkedin\/in\/bioma\"],\"logo\":{\"@type\":\"ImageObject\",\"@id\":\"https:\/\/biomacenter.com.br\/pt_br\/#logo\",\"inLanguage\":\"en-GB\",\"url\":\"https:\/\/biomacenter.com.br\/wp-content\/uploads\/2020\/12\/bioma-retina-desk.png\",\"contentUrl\":\"https:\/\/biomacenter.com.br\/wp-content\/uploads\/2020\/12\/bioma-retina-desk.png\",\"width\":788,\"height\":317,\"caption\":\"Biomacenter - Bioma Natural Tecnologia Verde Ltda\"},\"image\":{\"@id\":\"https:\/\/biomacenter.com.br\/pt_br\/#logo\"}},{\"@type\":\"WebSite\",\"@id\":\"https:\/\/biomacenter.com.br\/pt_br\/#website\",\"url\":\"https:\/\/biomacenter.com.br\/pt_br\/\",\"name\":\"BIOMA NATURAL TECNOLOGIA VERDE\",\"description\":\"Limpeza 100% natural\",\"publisher\":{\"@id\":\"https:\/\/biomacenter.com.br\/pt_br\/#organization\"},\"potentialAction\":[{\"@type\":\"SearchAction\",\"target\":{\"@type\":\"EntryPoint\",\"urlTemplate\":\"https:\/\/biomacenter.com.br\/pt_br\/?s={search_term_string}\"},\"query-input\":\"required name=search_term_string\"}],\"inLanguage\":\"en-GB\"},{\"@type\":\"ImageObject\",\"@id\":\"https:\/\/biomacenter.com.br\/pt_br\/ar-limpo\/#primaryimage\",\"inLanguage\":\"en-GB\",\"url\":\"http:\/\/biomacenter.com.br\/wp-content\/uploads\/2021\/02\/Ativo-Ar-2.png\",\"contentUrl\":\"http:\/\/biomacenter.com.br\/wp-content\/uploads\/2021\/02\/Ativo-Ar-2.png\"},{\"@type\":\"WebPage\",\"@id\":\"https:\/\/biomacenter.com.br\/pt_br\/ar-limpo\/#webpage\",\"url\":\"https:\/\/biomacenter.com.br\/pt_br\/ar-limpo\/\",\"name\":\"Ar Limpo | BIOMA NATURAL TECNOLOGIA VERDE\",\"isPartOf\":{\"@id\":\"https:\/\/biomacenter.com.br\/pt_br\/#website\"},\"primaryImageOfPage\":{\"@id\":\"https:\/\/biomacenter.com.br\/pt_br\/ar-limpo\/#primaryimage\"},\"datePublished\":\"2016-09-27T17:57:56+00:00\",\"dateModified\":\"2021-11-18T21:16:46+00:00\",\"description\":\"Sistemas de desinfec\\u00e7\\u00e3o a\\u00e9rea direta ou induzida em dutos de ar condicionado para controle microbiol\\u00f3gico em ambientes de alto tr\\u00e1fego. Uso aliado com nosso produto Desinfetante Natural. Resultados certificados pelo Instituto Adolpho Lutz \/SP e Nature Springer Research.\",\"breadcrumb\":{\"@id\":\"https:\/\/biomacenter.com.br\/pt_br\/ar-limpo\/#breadcrumb\"},\"inLanguage\":\"en-GB\",\"potentialAction\":[{\"@type\":\"ReadAction\",\"target\":[\"https:\/\/biomacenter.com.br\/pt_br\/ar-limpo\/\"]}]},{\"@type\":\"BreadcrumbList\",\"@id\":\"https:\/\/biomacenter.com.br\/pt_br\/ar-limpo\/#breadcrumb\",\"itemListElement\":[{\"@type\":\"ListItem\",\"position\":1,\"name\":\"In\\u00edcio\",\"item\":\"https:\/\/biomacenter.com.br\/\"},{\"@type\":\"ListItem\",\"position\":2,\"name\":\"Ar Limpo\"}]}]}<\/script>\n<!-- \/ Yoast SEO plugin. -->","yoast_head_json":{"title":"Ar Limpo | BIOMA NATURAL TECNOLOGIA VERDE","description":"Sistemas de desinfec\u00e7\u00e3o a\u00e9rea direta ou induzida em dutos de ar condicionado para controle microbiol\u00f3gico em ambientes de alto tr\u00e1fego. Uso aliado com nosso produto Desinfetante Natural. Resultados certificados pelo Instituto Adolpho Lutz \/SP e Nature Springer Research.","robots":{"index":"index","follow":"follow","max-snippet":"max-snippet:-1","max-image-preview":"max-image-preview:large","max-video-preview":"max-video-preview:-1"},"canonical":"https:\/\/biomacenter.com.br\/en\/ar-limpo\/","og_locale":"en_GB","og_type":"article","og_title":"Ar Limpo | BIOMA NATURAL TECNOLOGIA VERDE","og_description":"Sistemas de desinfec\u00e7\u00e3o a\u00e9rea direta ou induzida em dutos de ar condicionado para controle microbiol\u00f3gico em ambientes de alto tr\u00e1fego. Uso aliado com nosso produto Desinfetante Natural. Resultados certificados pelo Instituto Adolpho Lutz \/SP e Nature Springer Research.","og_url":"https:\/\/biomacenter.com.br\/en\/ar-limpo\/","og_site_name":"BIOMA NATURAL TECNOLOGIA VERDE","article_publisher":"https:\/\/www.facebook.com\/BIOMACENTER\/","article_modified_time":"2021-11-18T21:16:46+00:00","og_image":[{"url":"http:\/\/biomacenter.com.br\/wp-content\/uploads\/2021\/02\/Ativo-Ar-2.png"}],"twitter_card":"summary_large_image","twitter_misc":{"Estimated reading time":"1 minute"},"schema":{"@context":"https:\/\/schema.org","@graph":[{"@type":"Organization","@id":"https:\/\/biomacenter.com.br\/pt_br\/#organization","name":"Biomacenter - Bioma Natural Tecnologia Verde Ltda","url":"https:\/\/biomacenter.com.br\/pt_br\/","sameAs":["https:\/\/www.facebook.com\/BIOMACENTER\/","https:\/\/www.instagram.com\/biomacenter","https:\/\/www.linkedin\/in\/bioma"],"logo":{"@type":"ImageObject","@id":"https:\/\/biomacenter.com.br\/pt_br\/#logo","inLanguage":"en-GB","url":"https:\/\/biomacenter.com.br\/wp-content\/uploads\/2020\/12\/bioma-retina-desk.png","contentUrl":"https:\/\/biomacenter.com.br\/wp-content\/uploads\/2020\/12\/bioma-retina-desk.png","width":788,"height":317,"caption":"Biomacenter - Bioma Natural Tecnologia Verde Ltda"},"image":{"@id":"https:\/\/biomacenter.com.br\/pt_br\/#logo"}},{"@type":"WebSite","@id":"https:\/\/biomacenter.com.br\/pt_br\/#website","url":"https:\/\/biomacenter.com.br\/pt_br\/","name":"BIOMA NATURAL TECNOLOGIA VERDE","description":"Limpeza 100% natural","publisher":{"@id":"https:\/\/biomacenter.com.br\/pt_br\/#organization"},"potentialAction":[{"@type":"SearchAction","target":{"@type":"EntryPoint","urlTemplate":"https:\/\/biomacenter.com.br\/pt_br\/?s={search_term_string}"},"query-input":"required name=search_term_string"}],"inLanguage":"en-GB"},{"@type":"ImageObject","@id":"https:\/\/biomacenter.com.br\/pt_br\/ar-limpo\/#primaryimage","inLanguage":"en-GB","url":"http:\/\/biomacenter.com.br\/wp-content\/uploads\/2021\/02\/Ativo-Ar-2.png","contentUrl":"http:\/\/biomacenter.com.br\/wp-content\/uploads\/2021\/02\/Ativo-Ar-2.png"},{"@type":"WebPage","@id":"https:\/\/biomacenter.com.br\/pt_br\/ar-limpo\/#webpage","url":"https:\/\/biomacenter.com.br\/pt_br\/ar-limpo\/","name":"Ar Limpo | BIOMA NATURAL TECNOLOGIA VERDE","isPartOf":{"@id":"https:\/\/biomacenter.com.br\/pt_br\/#website"},"primaryImageOfPage":{"@id":"https:\/\/biomacenter.com.br\/pt_br\/ar-limpo\/#primaryimage"},"datePublished":"2016-09-27T17:57:56+00:00","dateModified":"2021-11-18T21:16:46+00:00","description":"Sistemas de desinfec\u00e7\u00e3o a\u00e9rea direta ou induzida em dutos de ar condicionado para controle microbiol\u00f3gico em ambientes de alto tr\u00e1fego. Uso aliado com nosso produto Desinfetante Natural. Resultados certificados pelo Instituto Adolpho Lutz \/SP e Nature Springer Research.","breadcrumb":{"@id":"https:\/\/biomacenter.com.br\/pt_br\/ar-limpo\/#breadcrumb"},"inLanguage":"en-GB","potentialAction":[{"@type":"ReadAction","target":["https:\/\/biomacenter.com.br\/pt_br\/ar-limpo\/"]}]},{"@type":"BreadcrumbList","@id":"https:\/\/biomacenter.com.br\/pt_br\/ar-limpo\/#breadcrumb","itemListElement":[{"@type":"ListItem","position":1,"name":"In\u00edcio","item":"https:\/\/biomacenter.com.br\/"},{"@type":"ListItem","position":2,"name":"Ar Limpo"}]}]}},"_links":{"self":[{"href":"https:\/\/biomacenter.com.br\/en\/wp-json\/wp\/v2\/pages\/465"}],"collection":[{"href":"https:\/\/biomacenter.com.br\/en\/wp-json\/wp\/v2\/pages"}],"about":[{"href":"https:\/\/biomacenter.com.br\/en\/wp-json\/wp\/v2\/types\/page"}],"author":[{"embeddable":true,"href":"https:\/\/biomacenter.com.br\/en\/wp-json\/wp\/v2\/users\/1"}],"replies":[{"embeddable":true,"href":"https:\/\/biomacenter.com.br\/en\/wp-json\/wp\/v2\/comments?post=465"}],"version-history":[{"count":23,"href":"https:\/\/biomacenter.com.br\/en\/wp-json\/wp\/v2\/pages\/465\/revisions"}],"predecessor-version":[{"id":2457,"href":"https:\/\/biomacenter.com.br\/en\/wp-json\/wp\/v2\/pages\/465\/revisions\/2457"}],"wp:attachment":[{"href":"https:\/\/biomacenter.com.br\/en\/wp-json\/wp\/v2\/media?parent=465"}],"curies":[{"name":"wp","href":"https:\/\/api.w.org\/{rel}","templated":true}]}}