{"id":1740,"date":"2021-01-25T20:14:12","date_gmt":"2021-01-25T23:14:12","guid":{"rendered":"https:\/\/biomacenter.com.br\/?page_id=1740"},"modified":"2021-02-05T22:55:46","modified_gmt":"2021-02-06T01:55:46","slug":"desincrustante-bio","status":"publish","type":"page","link":"https:\/\/biomacenter.com.br\/pt_br\/desincrustante-bio\/","title":{"rendered":"Desincrustante BIO"},"content":{"rendered":"\t\t<div data-elementor-type=\"wp-page\" data-elementor-id=\"1740\" class=\"elementor elementor-1740\">\n\t\t\t\t\t\t<div class=\"elementor-inner\">\n\t\t\t\t<div class=\"elementor-section-wrap\">\n\t\t\t\t\t\t\t\t\t<section class=\"elementor-section elementor-top-section elementor-element elementor-element-adfa5a3 elementor-section-boxed elementor-section-height-default elementor-section-height-default\" data-id=\"adfa5a3\" data-element_type=\"section\" data-settings=\"{&quot;background_background&quot;:&quot;classic&quot;}\">\n\t\t\t\t\t\t<div class=\"elementor-container elementor-column-gap-default\">\n\t\t\t\t\t\t\t<div class=\"elementor-row\">\n\t\t\t\t\t<div class=\"elementor-column elementor-col-100 elementor-top-column elementor-element elementor-element-7fc49c8\" data-id=\"7fc49c8\" data-element_type=\"column\">\n\t\t\t<div class=\"elementor-column-wrap elementor-element-populated\">\n\t\t\t\t\t\t\t<div class=\"elementor-widget-wrap\">\n\t\t\t\t\t\t<section class=\"elementor-section elementor-inner-section elementor-element elementor-element-7e888b5 elementor-section-boxed elementor-section-height-default elementor-section-height-default\" data-id=\"7e888b5\" data-element_type=\"section\">\n\t\t\t\t\t\t<div class=\"elementor-container elementor-column-gap-default\">\n\t\t\t\t\t\t\t<div class=\"elementor-row\">\n\t\t\t\t\t<div class=\"elementor-column elementor-col-66 elementor-inner-column elementor-element elementor-element-7038fae\" data-id=\"7038fae\" data-element_type=\"column\">\n\t\t\t<div class=\"elementor-column-wrap elementor-element-populated\">\n\t\t\t\t\t\t\t<div class=\"elementor-widget-wrap\">\n\t\t\t\t\t\t<div class=\"elementor-element elementor-element-98a95f2 elementor-widget elementor-widget-image\" data-id=\"98a95f2\" data-element_type=\"widget\" data-widget_type=\"image.default\">\n\t\t\t\t<div class=\"elementor-widget-container\">\n\t\t\t\t\t\t\t\t<div class=\"elementor-image\">\n\t\t\t\t\t\t\t\t\t\t\t\t<img width=\"842\" height=\"627\" src=\"https:\/\/biomacenter.com.br\/wp-content\/uploads\/2021\/01\/Pedras-limpas2.jpg\" class=\"attachment-1536x1536 size-1536x1536 wp-image-1801\" alt=\"\" loading=\"lazy\" srcset=\"https:\/\/biomacenter.com.br\/wp-content\/uploads\/2021\/01\/Pedras-limpas2.jpg 842w, https:\/\/biomacenter.com.br\/wp-content\/uploads\/2021\/01\/Pedras-limpas2-300x223.jpg 300w, https:\/\/biomacenter.com.br\/wp-content\/uploads\/2021\/01\/Pedras-limpas2-768x572.jpg 768w\" sizes=\"(max-width: 842px) 100vw, 842px\" \/>\t\t\t\t\t\t\t\t\t\t\t\t\t\t<\/div>\n\t\t\t\t\t\t<\/div>\n\t\t\t\t<\/div>\n\t\t\t\t\t\t<\/div>\n\t\t\t\t\t<\/div>\n\t\t<\/div>\n\t\t\t\t<div class=\"elementor-column elementor-col-33 elementor-inner-column elementor-element elementor-element-e040161\" data-id=\"e040161\" data-element_type=\"column\">\n\t\t\t<div class=\"elementor-column-wrap elementor-element-populated\">\n\t\t\t\t\t\t\t<div class=\"elementor-widget-wrap\">\n\t\t\t\t\t\t<div class=\"elementor-element elementor-element-b71ec59 elementor-invisible elementor-widget elementor-widget-image\" data-id=\"b71ec59\" data-element_type=\"widget\" data-settings=\"{&quot;_animation&quot;:&quot;fadeInRight&quot;,&quot;_animation_mobile&quot;:&quot;fadeInRight&quot;}\" data-widget_type=\"image.default\">\n\t\t\t\t<div class=\"elementor-widget-container\">\n\t\t\t\t\t\t\t\t<div class=\"elementor-image\">\n\t\t\t\t\t\t\t\t\t\t\t\t<img width=\"768\" height=\"800\" src=\"https:\/\/biomacenter.com.br\/wp-content\/uploads\/2021\/01\/NEOPAN-OXY-768x800.png\" class=\"attachment-medium_large size-medium_large wp-image-1207\" alt=\"\" loading=\"lazy\" srcset=\"https:\/\/biomacenter.com.br\/wp-content\/uploads\/2021\/01\/NEOPAN-OXY-768x800.png 768w, https:\/\/biomacenter.com.br\/wp-content\/uploads\/2021\/01\/NEOPAN-OXY-288x300.png 288w, https:\/\/biomacenter.com.br\/wp-content\/uploads\/2021\/01\/NEOPAN-OXY-984x1024.png 984w, https:\/\/biomacenter.com.br\/wp-content\/uploads\/2021\/01\/NEOPAN-OXY-1475x1536.png 1475w, https:\/\/biomacenter.com.br\/wp-content\/uploads\/2021\/01\/NEOPAN-OXY.png 1677w\" sizes=\"(max-width: 768px) 100vw, 768px\" \/>\t\t\t\t\t\t\t\t\t\t\t\t\t\t<\/div>\n\t\t\t\t\t\t<\/div>\n\t\t\t\t<\/div>\n\t\t\t\t\t\t<\/div>\n\t\t\t\t\t<\/div>\n\t\t<\/div>\n\t\t\t\t\t\t\t\t<\/div>\n\t\t\t\t\t<\/div>\n\t\t<\/section>\n\t\t\t\t<div class=\"elementor-element elementor-element-3987d4d elementor-hidden-tablet elementor-hidden-phone elementor-widget-divider--view-line elementor-invisible elementor-widget elementor-widget-divider\" data-id=\"3987d4d\" data-element_type=\"widget\" data-settings=\"{&quot;_animation&quot;:&quot;fadeInRight&quot;}\" data-widget_type=\"divider.default\">\n\t\t\t\t<div class=\"elementor-widget-container\">\n\t\t\t\t\t<div class=\"elementor-divider\">\n\t\t\t<span class=\"elementor-divider-separator\">\n\t\t\t\t\t\t<\/span>\n\t\t<\/div>\n\t\t\t\t<\/div>\n\t\t\t\t<\/div>\n\t\t\t\t\t\t<\/div>\n\t\t\t\t\t<\/div>\n\t\t<\/div>\n\t\t\t\t\t\t\t\t<\/div>\n\t\t\t\t\t<\/div>\n\t\t<\/section>\n\t\t\t\t<section class=\"elementor-section elementor-top-section elementor-element elementor-element-ab31e07 elementor-section-boxed elementor-section-height-default elementor-section-height-default\" data-id=\"ab31e07\" data-element_type=\"section\" data-settings=\"{&quot;background_background&quot;:&quot;classic&quot;}\">\n\t\t\t\t\t\t<div class=\"elementor-container elementor-column-gap-default\">\n\t\t\t\t\t\t\t<div class=\"elementor-row\">\n\t\t\t\t\t<div class=\"elementor-column elementor-col-100 elementor-top-column elementor-element elementor-element-7e0ee84\" data-id=\"7e0ee84\" data-element_type=\"column\">\n\t\t\t<div class=\"elementor-column-wrap elementor-element-populated\">\n\t\t\t\t\t\t\t<div class=\"elementor-widget-wrap\">\n\t\t\t\t\t\t<div class=\"elementor-element elementor-element-40f71b2 elementor-widget elementor-widget-text-editor\" data-id=\"40f71b2\" data-element_type=\"widget\" data-widget_type=\"text-editor.default\">\n\t\t\t\t<div class=\"elementor-widget-container\">\n\t\t\t\t\t\t\t\t<div class=\"elementor-text-editor elementor-clearfix\">\n\t\t\t\t<p style=\"text-align: left;\">DESINCRUSTANTE BIO<\/p>\t\t\t\t\t<\/div>\n\t\t\t\t\t\t<\/div>\n\t\t\t\t<\/div>\n\t\t\t\t\t\t<\/div>\n\t\t\t\t\t<\/div>\n\t\t<\/div>\n\t\t\t\t\t\t\t\t<\/div>\n\t\t\t\t\t<\/div>\n\t\t<\/section>\n\t\t\t\t<section class=\"elementor-section elementor-top-section elementor-element elementor-element-305abfa8 elementor-section-stretched elementor-section-boxed elementor-section-height-default elementor-section-height-default\" data-id=\"305abfa8\" data-element_type=\"section\" data-settings=\"{&quot;stretch_section&quot;:&quot;section-stretched&quot;}\">\n\t\t\t\t\t\t<div class=\"elementor-container elementor-column-gap-narrow\">\n\t\t\t\t\t\t\t<div class=\"elementor-row\">\n\t\t\t\t\t<div class=\"elementor-column elementor-col-33 elementor-top-column elementor-element elementor-element-5cba8e6c\" data-id=\"5cba8e6c\" data-element_type=\"column\">\n\t\t\t<div class=\"elementor-column-wrap elementor-element-populated\">\n\t\t\t\t\t\t\t<div class=\"elementor-widget-wrap\">\n\t\t\t\t\t\t<div class=\"elementor-element elementor-element-38ed229f elementor-view-default elementor-mobile-position-top elementor-vertical-align-top elementor-widget elementor-widget-icon-box\" data-id=\"38ed229f\" data-element_type=\"widget\" data-widget_type=\"icon-box.default\">\n\t\t\t\t<div class=\"elementor-widget-container\">\n\t\t\t\t\t<div class=\"elementor-icon-box-wrapper\">\n\t\t\t\t\t\t<div class=\"elementor-icon-box-icon\">\n\t\t\t\t<span class=\"elementor-icon elementor-animation-\" >\n\t\t\t\t<i aria-hidden=\"true\" class=\"fab fa-hackerrank\"><\/i>\t\t\t\t<\/span>\n\t\t\t<\/div>\n\t\t\t\t\t\t<div class=\"elementor-icon-box-content\">\n\t\t\t\t<h2 class=\"elementor-icon-box-title\">\n\t\t\t\t\t<span  >\n\t\t\t\t\t\tHeavy Duty\t\t\t\t\t<\/span>\n\t\t\t\t<\/h2>\n\t\t\t\t\t\t\t\t\t<p class=\"elementor-icon-box-description\">\n\t\t\t\t\t\tProduto indicado para limpezas de choque em superf\u00edcies com alto n\u00edvel de impregna\u00e7\u00e3o de sujeira, limo, tinta, nos mais variados tipos de pisos, at\u00e9 mesmo, cimento queimado branco e pedra mineira. Pode ser utilizado com aplica\u00e7\u00e3o manual ou aux\u00edlio de equipamento de alta press\u00e3o. \t\t\t\t\t<\/p>\n\t\t\t\t\t\t\t<\/div>\n\t\t<\/div>\n\t\t\t\t<\/div>\n\t\t\t\t<\/div>\n\t\t\t\t\t\t<\/div>\n\t\t\t\t\t<\/div>\n\t\t<\/div>\n\t\t\t\t<div class=\"elementor-column elementor-col-33 elementor-top-column elementor-element elementor-element-5d042bf\" data-id=\"5d042bf\" data-element_type=\"column\">\n\t\t\t<div class=\"elementor-column-wrap elementor-element-populated\">\n\t\t\t\t\t\t\t<div class=\"elementor-widget-wrap\">\n\t\t\t\t\t\t<div class=\"elementor-element elementor-element-657fb99 elementor-view-default elementor-mobile-position-top elementor-vertical-align-top elementor-widget elementor-widget-icon-box\" data-id=\"657fb99\" data-element_type=\"widget\" data-widget_type=\"icon-box.default\">\n\t\t\t\t<div class=\"elementor-widget-container\">\n\t\t\t\t\t<div class=\"elementor-icon-box-wrapper\">\n\t\t\t\t\t\t<div class=\"elementor-icon-box-icon\">\n\t\t\t\t<span class=\"elementor-icon elementor-animation-\" >\n\t\t\t\t<i aria-hidden=\"true\" class=\"fab fa-mendeley\"><\/i>\t\t\t\t<\/span>\n\t\t\t<\/div>\n\t\t\t\t\t\t<div class=\"elementor-icon-box-content\">\n\t\t\t\t<h2 class=\"elementor-icon-box-title\">\n\t\t\t\t\t<span  >\n\t\t\t\t\t\tConcentrado\t\t\t\t\t<\/span>\n\t\t\t\t<\/h2>\n\t\t\t\t\t\t\t\t\t<p class=\"elementor-icon-box-description\">\n\t\t\t\t\t\t3 n\u00edveis de dilui\u00e7\u00e3o para aplica\u00e7\u00e3o em diversos tipos de superf\u00edcies: 1:10,1:20, 1:50 (100, 50 ou 20 mL\/litro de \u00e1gua). Confere ao usu\u00e1rio economia em escala, facilidade de uso e seguran\u00e7a ao aplicador, pois n\u00e3o cont\u00e9m nenhum tipo de agende \u00e1cido. Utilizar a dilui\u00e7\u00e3o em superf\u00edcie seca e realizar a\u00e7\u00e3o mec\u00e2nica de limpeza.\t\t\t\t\t<\/p>\n\t\t\t\t\t\t\t<\/div>\n\t\t<\/div>\n\t\t\t\t<\/div>\n\t\t\t\t<\/div>\n\t\t\t\t\t\t<\/div>\n\t\t\t\t\t<\/div>\n\t\t<\/div>\n\t\t\t\t<div class=\"elementor-column elementor-col-33 elementor-top-column elementor-element elementor-element-222716a2\" data-id=\"222716a2\" data-element_type=\"column\">\n\t\t\t<div class=\"elementor-column-wrap elementor-element-populated\">\n\t\t\t\t\t\t\t<div class=\"elementor-widget-wrap\">\n\t\t\t\t\t\t<div class=\"elementor-element elementor-element-104d0a5c elementor-view-default elementor-mobile-position-top elementor-vertical-align-top elementor-widget elementor-widget-icon-box\" data-id=\"104d0a5c\" data-element_type=\"widget\" data-widget_type=\"icon-box.default\">\n\t\t\t\t<div class=\"elementor-widget-container\">\n\t\t\t\t\t<div class=\"elementor-icon-box-wrapper\">\n\t\t\t\t\t\t<div class=\"elementor-icon-box-icon\">\n\t\t\t\t<span class=\"elementor-icon elementor-animation-\" >\n\t\t\t\t<i aria-hidden=\"true\" class=\"fab fa-staylinked\"><\/i>\t\t\t\t<\/span>\n\t\t\t<\/div>\n\t\t\t\t\t\t<div class=\"elementor-icon-box-content\">\n\t\t\t\t<h2 class=\"elementor-icon-box-title\">\n\t\t\t\t\t<span  >\n\t\t\t\t\t\tSustent\u00e1vel\t\t\t\t\t<\/span>\n\t\t\t\t<\/h2>\n\t\t\t\t\t\t\t\t\t<p class=\"elementor-icon-box-description\">\n\t\t\t\t\t\tProduto 100% natural oriundo de fontes renov\u00e1veis da natureza, atrav\u00e9s de tecnologia de fracionamento verde do terpeno. Maior grau de vegetaliza\u00e7\u00e3o do mercado, supera os n\u00edveis de biodegradabilidade da ANVISA. NEOPAN OXY recebe aditivo de per\u00f3xido de hidrog\u00eanio para ampliar naturalmente a pot\u00eancia de uso.\t\t\t\t\t<\/p>\n\t\t\t\t\t\t\t<\/div>\n\t\t<\/div>\n\t\t\t\t<\/div>\n\t\t\t\t<\/div>\n\t\t\t\t\t\t<\/div>\n\t\t\t\t\t<\/div>\n\t\t<\/div>\n\t\t\t\t\t\t\t\t<\/div>\n\t\t\t\t\t<\/div>\n\t\t<\/section>\n\t\t\t\t<section class=\"elementor-section elementor-top-section elementor-element elementor-element-b2adea3 elementor-section-boxed elementor-section-height-default elementor-section-height-default\" data-id=\"b2adea3\" data-element_type=\"section\">\n\t\t\t\t\t\t<div class=\"elementor-container elementor-column-gap-default\">\n\t\t\t\t\t\t\t<div class=\"elementor-row\">\n\t\t\t\t\t<div class=\"elementor-column elementor-col-100 elementor-top-column elementor-element elementor-element-91b67de\" data-id=\"91b67de\" data-element_type=\"column\">\n\t\t\t<div class=\"elementor-column-wrap elementor-element-populated\">\n\t\t\t\t\t\t\t<div class=\"elementor-widget-wrap\">\n\t\t\t\t\t\t<div class=\"elementor-element elementor-element-0d2b645 elementor-widget-divider--separator-type-pattern elementor-widget-divider--view-line elementor-widget elementor-widget-divider\" data-id=\"0d2b645\" data-element_type=\"widget\" data-widget_type=\"divider.default\">\n\t\t\t\t<div class=\"elementor-widget-container\">\n\t\t\t\t\t<div class=\"elementor-divider\" style=\"--divider-pattern-url: url(&quot;data:image\/svg+xml,%3Csvg xmlns=&#039;http:\/\/www.w3.org\/2000\/svg&#039; preserveAspectRatio=&#039;none&#039; overflow=&#039;visible&#039; height=&#039;100%&#039; viewBox=&#039;0 0 20 16&#039; fill=&#039;none&#039; stroke=&#039;black&#039; stroke-width=&#039;1&#039; stroke-linecap=&#039;square&#039; stroke-miterlimit=&#039;10&#039;%3E%3Cg transform=&#039;translate(-12.000000, 0)&#039;%3E%3Cpath d=&#039;M28,0L10,18&#039;\/%3E%3Cpath d=&#039;M18,0L0,18&#039;\/%3E%3Cpath d=&#039;M48,0L30,18&#039;\/%3E%3Cpath d=&#039;M38,0L20,18&#039;\/%3E%3C\/g%3E%3C\/svg%3E&quot;);\">\n\t\t\t<span class=\"elementor-divider-separator\">\n\t\t\t\t\t\t<\/span>\n\t\t<\/div>\n\t\t\t\t<\/div>\n\t\t\t\t<\/div>\n\t\t\t\t\t\t<\/div>\n\t\t\t\t\t<\/div>\n\t\t<\/div>\n\t\t\t\t\t\t\t\t<\/div>\n\t\t\t\t\t<\/div>\n\t\t<\/section>\n\t\t\t\t\t\t\t\t\t<\/div>\n\t\t\t<\/div>\n\t\t\t\t\t<\/div>\n\t\t","protected":false},"excerpt":{"rendered":"<p>DESINCRUSTANTE BIO Heavy Duty Produto indicado para limpezas de choque em superf\u00edcies com alto n\u00edvel de impregna\u00e7\u00e3o de sujeira, limo, tinta, nos mais variados tipos de pisos, at\u00e9 mesmo, cimento queimado branco e pedra mineira. Pode ser utilizado com aplica\u00e7\u00e3o manual ou aux\u00edlio de equipamento de alta press\u00e3o. Concentrado 3 n\u00edveis de dilui\u00e7\u00e3o para aplica\u00e7\u00e3o [&hellip;]<\/p>\n","protected":false},"author":1,"featured_media":0,"parent":0,"menu_order":0,"comment_status":"closed","ping_status":"closed","template":"elementor_header_footer","meta":{"ocean_post_layout":"","ocean_both_sidebars_style":"","ocean_both_sidebars_content_width":0,"ocean_both_sidebars_sidebars_width":0,"ocean_sidebar":"0","ocean_second_sidebar":"0","ocean_disable_margins":"enable","ocean_add_body_class":"","ocean_shortcode_before_top_bar":"","ocean_shortcode_after_top_bar":"","ocean_shortcode_before_header":"","ocean_shortcode_after_header":"","ocean_has_shortcode":"","ocean_shortcode_after_title":"","ocean_shortcode_before_footer_widgets":"","ocean_shortcode_after_footer_widgets":"","ocean_shortcode_before_footer_bottom":"","ocean_shortcode_after_footer_bottom":"","ocean_display_top_bar":"default","ocean_display_header":"default","ocean_header_style":"","ocean_center_header_left_menu":"0","ocean_custom_header_template":"0","ocean_custom_logo":0,"ocean_custom_retina_logo":0,"ocean_custom_logo_max_width":0,"ocean_custom_logo_tablet_max_width":0,"ocean_custom_logo_mobile_max_width":0,"ocean_custom_logo_max_height":0,"ocean_custom_logo_tablet_max_height":0,"ocean_custom_logo_mobile_max_height":0,"ocean_header_custom_menu":"0","ocean_menu_typo_font_family":"0","ocean_menu_typo_font_subset":"","ocean_menu_typo_font_size":0,"ocean_menu_typo_font_size_tablet":0,"ocean_menu_typo_font_size_mobile":0,"ocean_menu_typo_font_size_unit":"px","ocean_menu_typo_font_weight":"","ocean_menu_typo_font_weight_tablet":"","ocean_menu_typo_font_weight_mobile":"","ocean_menu_typo_transform":"","ocean_menu_typo_transform_tablet":"","ocean_menu_typo_transform_mobile":"","ocean_menu_typo_line_height":0,"ocean_menu_typo_line_height_tablet":0,"ocean_menu_typo_line_height_mobile":0,"ocean_menu_typo_line_height_unit":"","ocean_menu_typo_spacing":0,"ocean_menu_typo_spacing_tablet":0,"ocean_menu_typo_spacing_mobile":0,"ocean_menu_typo_spacing_unit":"","ocean_menu_link_color":"","ocean_menu_link_color_hover":"","ocean_menu_link_color_active":"","ocean_menu_link_background":"","ocean_menu_link_hover_background":"","ocean_menu_link_active_background":"","ocean_menu_social_links_bg":"","ocean_menu_social_hover_links_bg":"","ocean_menu_social_links_color":"","ocean_menu_social_hover_links_color":"","ocean_disable_title":"default","ocean_disable_heading":"default","ocean_post_title":"","ocean_post_subheading":"","ocean_post_title_style":"","ocean_post_title_background_color":"","ocean_post_title_background":0,"ocean_post_title_bg_image_position":"","ocean_post_title_bg_image_attachment":"","ocean_post_title_bg_image_repeat":"","ocean_post_title_bg_image_size":"","ocean_post_title_height":0,"ocean_post_title_bg_overlay":0.5,"ocean_post_title_bg_overlay_color":"","ocean_disable_breadcrumbs":"default","ocean_breadcrumbs_color":"","ocean_breadcrumbs_separator_color":"","ocean_breadcrumbs_links_color":"","ocean_breadcrumbs_links_hover_color":"","ocean_display_footer_widgets":"default","ocean_display_footer_bottom":"default","ocean_custom_footer_template":"0"},"yoast_head":"<!-- This site is optimized with the Yoast SEO plugin v17.5 - https:\/\/yoast.com\/wordpress\/plugins\/seo\/ -->\n<title>Desincrustante BIO | BIOMA NATURAL TECNOLOGIA VERDE<\/title>\n<meta name=\"robots\" content=\"index, follow, max-snippet:-1, max-image-preview:large, max-video-preview:-1\" \/>\n<link rel=\"canonical\" href=\"https:\/\/biomacenter.com.br\/pt_br\/desincrustante-bio\/\" \/>\n<meta property=\"og:locale\" content=\"pt_BR\" \/>\n<meta property=\"og:type\" content=\"article\" \/>\n<meta property=\"og:title\" content=\"Desincrustante BIO | BIOMA NATURAL TECNOLOGIA VERDE\" \/>\n<meta property=\"og:description\" content=\"DESINCRUSTANTE BIO Heavy Duty Produto indicado para limpezas de choque em superf\u00edcies com alto n\u00edvel de impregna\u00e7\u00e3o de sujeira, limo, tinta, nos mais variados tipos de pisos, at\u00e9 mesmo, cimento queimado branco e pedra mineira. Pode ser utilizado com aplica\u00e7\u00e3o manual ou aux\u00edlio de equipamento de alta press\u00e3o. Concentrado 3 n\u00edveis de dilui\u00e7\u00e3o para aplica\u00e7\u00e3o [&hellip;]\" \/>\n<meta property=\"og:url\" content=\"https:\/\/biomacenter.com.br\/pt_br\/desincrustante-bio\/\" \/>\n<meta property=\"og:site_name\" content=\"BIOMA NATURAL TECNOLOGIA VERDE\" \/>\n<meta property=\"article:publisher\" content=\"https:\/\/www.facebook.com\/BIOMACENTER\/\" \/>\n<meta property=\"article:modified_time\" content=\"2021-02-06T01:55:46+00:00\" \/>\n<meta property=\"og:image\" content=\"http:\/\/biomacenter.com.br\/wp-content\/uploads\/2021\/01\/Pedras-limpas2.jpg\" \/>\n<meta name=\"twitter:card\" content=\"summary_large_image\" \/>\n<meta name=\"twitter:label1\" content=\"Est. tempo de leitura\" \/>\n\t<meta name=\"twitter:data1\" content=\"1 minuto\" \/>\n<script type=\"application\/ld+json\" class=\"yoast-schema-graph\">{\"@context\":\"https:\/\/schema.org\",\"@graph\":[{\"@type\":\"Organization\",\"@id\":\"https:\/\/biomacenter.com.br\/pt_br\/#organization\",\"name\":\"Biomacenter - Bioma Natural Tecnologia Verde Ltda\",\"url\":\"https:\/\/biomacenter.com.br\/pt_br\/\",\"sameAs\":[\"https:\/\/www.facebook.com\/BIOMACENTER\/\",\"https:\/\/www.instagram.com\/biomacenter\",\"https:\/\/www.linkedin\/in\/bioma\"],\"logo\":{\"@type\":\"ImageObject\",\"@id\":\"https:\/\/biomacenter.com.br\/pt_br\/#logo\",\"inLanguage\":\"pt-BR\",\"url\":\"https:\/\/biomacenter.com.br\/wp-content\/uploads\/2020\/12\/bioma-retina-desk.png\",\"contentUrl\":\"https:\/\/biomacenter.com.br\/wp-content\/uploads\/2020\/12\/bioma-retina-desk.png\",\"width\":788,\"height\":317,\"caption\":\"Biomacenter - Bioma Natural Tecnologia Verde Ltda\"},\"image\":{\"@id\":\"https:\/\/biomacenter.com.br\/pt_br\/#logo\"}},{\"@type\":\"WebSite\",\"@id\":\"https:\/\/biomacenter.com.br\/pt_br\/#website\",\"url\":\"https:\/\/biomacenter.com.br\/pt_br\/\",\"name\":\"BIOMA NATURAL TECNOLOGIA VERDE\",\"description\":\"Limpeza 100% natural\",\"publisher\":{\"@id\":\"https:\/\/biomacenter.com.br\/pt_br\/#organization\"},\"potentialAction\":[{\"@type\":\"SearchAction\",\"target\":{\"@type\":\"EntryPoint\",\"urlTemplate\":\"https:\/\/biomacenter.com.br\/pt_br\/?s={search_term_string}\"},\"query-input\":\"required name=search_term_string\"}],\"inLanguage\":\"pt-BR\"},{\"@type\":\"ImageObject\",\"@id\":\"https:\/\/biomacenter.com.br\/pt_br\/desincrustante-bio\/#primaryimage\",\"inLanguage\":\"pt-BR\",\"url\":\"http:\/\/biomacenter.com.br\/wp-content\/uploads\/2021\/01\/Pedras-limpas2.jpg\",\"contentUrl\":\"http:\/\/biomacenter.com.br\/wp-content\/uploads\/2021\/01\/Pedras-limpas2.jpg\"},{\"@type\":\"WebPage\",\"@id\":\"https:\/\/biomacenter.com.br\/pt_br\/desincrustante-bio\/#webpage\",\"url\":\"https:\/\/biomacenter.com.br\/pt_br\/desincrustante-bio\/\",\"name\":\"Desincrustante BIO | BIOMA NATURAL TECNOLOGIA VERDE\",\"isPartOf\":{\"@id\":\"https:\/\/biomacenter.com.br\/pt_br\/#website\"},\"primaryImageOfPage\":{\"@id\":\"https:\/\/biomacenter.com.br\/pt_br\/desincrustante-bio\/#primaryimage\"},\"datePublished\":\"2021-01-25T23:14:12+00:00\",\"dateModified\":\"2021-02-06T01:55:46+00:00\",\"breadcrumb\":{\"@id\":\"https:\/\/biomacenter.com.br\/pt_br\/desincrustante-bio\/#breadcrumb\"},\"inLanguage\":\"pt-BR\",\"potentialAction\":[{\"@type\":\"ReadAction\",\"target\":[\"https:\/\/biomacenter.com.br\/pt_br\/desincrustante-bio\/\"]}]},{\"@type\":\"BreadcrumbList\",\"@id\":\"https:\/\/biomacenter.com.br\/pt_br\/desincrustante-bio\/#breadcrumb\",\"itemListElement\":[{\"@type\":\"ListItem\",\"position\":1,\"name\":\"In\\u00edcio\",\"item\":\"https:\/\/biomacenter.com.br\/\"},{\"@type\":\"ListItem\",\"position\":2,\"name\":\"Desincrustante BIO\"}]}]}<\/script>\n<!-- \/ Yoast SEO plugin. -->","yoast_head_json":{"title":"Desincrustante BIO | BIOMA NATURAL TECNOLOGIA VERDE","robots":{"index":"index","follow":"follow","max-snippet":"max-snippet:-1","max-image-preview":"max-image-preview:large","max-video-preview":"max-video-preview:-1"},"canonical":"https:\/\/biomacenter.com.br\/pt_br\/desincrustante-bio\/","og_locale":"pt_BR","og_type":"article","og_title":"Desincrustante BIO | BIOMA NATURAL TECNOLOGIA VERDE","og_description":"DESINCRUSTANTE BIO Heavy Duty Produto indicado para limpezas de choque em superf\u00edcies com alto n\u00edvel de impregna\u00e7\u00e3o de sujeira, limo, tinta, nos mais variados tipos de pisos, at\u00e9 mesmo, cimento queimado branco e pedra mineira. Pode ser utilizado com aplica\u00e7\u00e3o manual ou aux\u00edlio de equipamento de alta press\u00e3o. Concentrado 3 n\u00edveis de dilui\u00e7\u00e3o para aplica\u00e7\u00e3o [&hellip;]","og_url":"https:\/\/biomacenter.com.br\/pt_br\/desincrustante-bio\/","og_site_name":"BIOMA NATURAL TECNOLOGIA VERDE","article_publisher":"https:\/\/www.facebook.com\/BIOMACENTER\/","article_modified_time":"2021-02-06T01:55:46+00:00","og_image":[{"url":"http:\/\/biomacenter.com.br\/wp-content\/uploads\/2021\/01\/Pedras-limpas2.jpg"}],"twitter_card":"summary_large_image","twitter_misc":{"Est. tempo de leitura":"1 minuto"},"schema":{"@context":"https:\/\/schema.org","@graph":[{"@type":"Organization","@id":"https:\/\/biomacenter.com.br\/pt_br\/#organization","name":"Biomacenter - Bioma Natural Tecnologia Verde Ltda","url":"https:\/\/biomacenter.com.br\/pt_br\/","sameAs":["https:\/\/www.facebook.com\/BIOMACENTER\/","https:\/\/www.instagram.com\/biomacenter","https:\/\/www.linkedin\/in\/bioma"],"logo":{"@type":"ImageObject","@id":"https:\/\/biomacenter.com.br\/pt_br\/#logo","inLanguage":"pt-BR","url":"https:\/\/biomacenter.com.br\/wp-content\/uploads\/2020\/12\/bioma-retina-desk.png","contentUrl":"https:\/\/biomacenter.com.br\/wp-content\/uploads\/2020\/12\/bioma-retina-desk.png","width":788,"height":317,"caption":"Biomacenter - Bioma Natural Tecnologia Verde Ltda"},"image":{"@id":"https:\/\/biomacenter.com.br\/pt_br\/#logo"}},{"@type":"WebSite","@id":"https:\/\/biomacenter.com.br\/pt_br\/#website","url":"https:\/\/biomacenter.com.br\/pt_br\/","name":"BIOMA NATURAL TECNOLOGIA VERDE","description":"Limpeza 100% natural","publisher":{"@id":"https:\/\/biomacenter.com.br\/pt_br\/#organization"},"potentialAction":[{"@type":"SearchAction","target":{"@type":"EntryPoint","urlTemplate":"https:\/\/biomacenter.com.br\/pt_br\/?s={search_term_string}"},"query-input":"required name=search_term_string"}],"inLanguage":"pt-BR"},{"@type":"ImageObject","@id":"https:\/\/biomacenter.com.br\/pt_br\/desincrustante-bio\/#primaryimage","inLanguage":"pt-BR","url":"http:\/\/biomacenter.com.br\/wp-content\/uploads\/2021\/01\/Pedras-limpas2.jpg","contentUrl":"http:\/\/biomacenter.com.br\/wp-content\/uploads\/2021\/01\/Pedras-limpas2.jpg"},{"@type":"WebPage","@id":"https:\/\/biomacenter.com.br\/pt_br\/desincrustante-bio\/#webpage","url":"https:\/\/biomacenter.com.br\/pt_br\/desincrustante-bio\/","name":"Desincrustante BIO | BIOMA NATURAL TECNOLOGIA VERDE","isPartOf":{"@id":"https:\/\/biomacenter.com.br\/pt_br\/#website"},"primaryImageOfPage":{"@id":"https:\/\/biomacenter.com.br\/pt_br\/desincrustante-bio\/#primaryimage"},"datePublished":"2021-01-25T23:14:12+00:00","dateModified":"2021-02-06T01:55:46+00:00","breadcrumb":{"@id":"https:\/\/biomacenter.com.br\/pt_br\/desincrustante-bio\/#breadcrumb"},"inLanguage":"pt-BR","potentialAction":[{"@type":"ReadAction","target":["https:\/\/biomacenter.com.br\/pt_br\/desincrustante-bio\/"]}]},{"@type":"BreadcrumbList","@id":"https:\/\/biomacenter.com.br\/pt_br\/desincrustante-bio\/#breadcrumb","itemListElement":[{"@type":"ListItem","position":1,"name":"In\u00edcio","item":"https:\/\/biomacenter.com.br\/"},{"@type":"ListItem","position":2,"name":"Desincrustante BIO"}]}]}},"_links":{"self":[{"href":"https:\/\/biomacenter.com.br\/pt_br\/wp-json\/wp\/v2\/pages\/1740"}],"collection":[{"href":"https:\/\/biomacenter.com.br\/pt_br\/wp-json\/wp\/v2\/pages"}],"about":[{"href":"https:\/\/biomacenter.com.br\/pt_br\/wp-json\/wp\/v2\/types\/page"}],"author":[{"embeddable":true,"href":"https:\/\/biomacenter.com.br\/pt_br\/wp-json\/wp\/v2\/users\/1"}],"replies":[{"embeddable":true,"href":"https:\/\/biomacenter.com.br\/pt_br\/wp-json\/wp\/v2\/comments?post=1740"}],"version-history":[{"count":38,"href":"https:\/\/biomacenter.com.br\/pt_br\/wp-json\/wp\/v2\/pages\/1740\/revisions"}],"predecessor-version":[{"id":1900,"href":"https:\/\/biomacenter.com.br\/pt_br\/wp-json\/wp\/v2\/pages\/1740\/revisions\/1900"}],"wp:attachment":[{"href":"https:\/\/biomacenter.com.br\/pt_br\/wp-json\/wp\/v2\/media?parent=1740"}],"curies":[{"name":"wp","href":"https:\/\/api.w.org\/{rel}","templated":true}]}}